{"id":11,"date":"2020-07-23T13:05:25","date_gmt":"2020-07-23T13:05:25","guid":{"rendered":"https:\/\/colegiomodestabor.com\/wp\/?page_id=11"},"modified":"2024-07-23T15:49:04","modified_gmt":"2024-07-23T15:49:04","slug":"quienes-somos","status":"publish","type":"page","link":"https:\/\/colegiomodestabor.com\/wp\/quienes-somos\/","title":{"rendered":"Qui\u00e8nes Somos"},"content":{"rendered":"<p>[pl_row]<br>[pl_col col=12]<br>[pl_text]<\/p>\n<p>[\/pl_text]<br>[\/pl_col]<br>[\/pl_row]<\/p>\n\n\n<figure class=\"wp-container-2 wp-block-gallery-1 wp-block-gallery alignleft has-nested-images columns-default is-cropped\">\n<figure class=\"wp-block-image size-large\"><img loading=\"lazy\" width=\"275\" height=\"183\" data-id=\"144\"  src=\"https:\/\/colegiomodestabor.com\/wp\/wp-content\/uploads\/2020\/07\/descarga-1.png\" alt=\"\" class=\"wp-image-144\" srcset=\"https:\/\/colegiomodestabor.com\/wp\/wp-content\/uploads\/2020\/07\/descarga-1.png 275w, https:\/\/colegiomodestabor.com\/wp\/wp-content\/uploads\/2020\/07\/descarga-1-230x153.png 230w\" sizes=\"(max-width: 275px) 100vw, 275px\" \/><\/figure>\n<\/figure>\n\n\n\n<p class=\"has-medium-font-size\">Somos una instituci\u00f3n ubicada en la calle 3 con avenida 2 de Urb. La Mata, Edificio Modesta Bor, en Cabudare Estado Lara.&nbsp; <\/p>\n\n\n\n<p class=\"has-medium-font-size\">La Unidad Educativa Colegio <strong>\u201cModesta Bor\u201d<\/strong>, creada el 19 de marzo de 1998. Desde entonces, es una instituci\u00f3n con fines de formaci\u00f3n intelectual, afectiva y de \u201cdespertamiento\u201d del alma popular y fortalecimiento de la identidad hist\u00f3rico-cultural de nuestro pueblo ind\u00edgena-afrolatino. Est\u00e1 ubicado en el Estado Lara, en Cabudare del Municipio Palavecino, que se caracteriza en Am\u00e9rica Latina por ser el \u00e1rea geogr\u00e1fica con mayor crecimiento demogr\u00e1fico y por ende demanda de m\u00faltiples servicios que el Estado tiene que resolver sobre la marcha.<\/p>\n\n\n\n<p class=\"has-medium-font-size\">Nuestra instituci\u00f3n \u00a0tiene de base una doctrina social que ejecuta las pol\u00edticas educativas del Estado Venezolano, si bien es una iniciativa de libertad econ\u00f3mica en nuestro sistema de vida republicana.<\/p>\n\n\n\n<p class=\"has-medium-font-size\">La Unidad Educativa Colegio \u201cMODESTA BOR\u201d, es una instituci\u00f3n que responde a las necesidades requeridas por padres y representantes en cuanto a la educaci\u00f3n de ni\u00f1os y j\u00f3venes con una s\u00f3lida formaci\u00f3n en valores y virtudes humanas, una educaci\u00f3n personalizada, y por supuesto, alta calidad acad\u00e9mica donde los educandos desarrollan sus competencias y capacidades que los preparen para la vida, a trav\u00e9s de las diferentes \u00e1reas human\u00edsticas, cient\u00edficas, t\u00e9cnicas y con un alto contenido musical.<\/p>\n\n\n\n<p class=\"has-medium-font-size\">Ya con 25 a\u00f1os de funcionamiento y con 16 promociones de bachilleres, se ha dedicados a la b\u00fasqueda de la Excelencia Educativa, preocupados por la formaci\u00f3n Integral y Musical de sus<br>estudiantes. <\/p>\n\n\n\n<p class=\"has-medium-font-size\">La estructura organizativa \u00a0de la instituci\u00f3n \u00a0est\u00e1 conformada por maestros de grado, expertos en m\u00fasica, docentes de artes visuales, ingl\u00e9s y computaci\u00f3n, \u00a0docentes de educaci\u00f3n superior para la tercera etapa de Educaci\u00f3n B\u00e1sica y Diversificada. Cuenta con obreros para el saneamiento ambiental, \u00a0personal en la direcci\u00f3n y ejecuci\u00f3n administrativa. As\u00ed mismo, una sociedad de Padres y Representantes, tambi\u00e9n cuenta con su respectivo cuerpo directivo que se re\u00fanen peri\u00f3dicamente. En este sentido, lo que le da vida al Colegio \u00a0<strong>\u201cModesta Bor\u201d<\/strong> son sus  alumnos distribuidos desde el Preescolar hasta 5\u00ba A\u00f1o de Educaci\u00f3n Media General, de los cuales \u00a0un 10% \u00a0son \u00a0becados, entre los que se destacan alumnos de bajos recursos pertenecientes a la comunidad, deportistas y estudiantes con alto \u00edndice acad\u00e9mico.<\/p>\n","protected":false},"excerpt":{"rendered":"<p>[pl_row][pl_col col=12][pl_text] [\/pl_text][\/pl_col][\/pl_row] Somos una instituci\u00f3n ubicada en la calle 3 con avenida 2 de Urb. La Mata, Edificio Modesta Bor, en Cabudare Estado Lara.&nbsp; La Unidad Educativa Colegio \u201cModesta Bor\u201d, creada el 19 de marzo de 1998. Desde entonces, es una instituci\u00f3n con fines de formaci\u00f3n intelectual, afectiva y de \u201cdespertamiento\u201d del alma popular &#8230;.&nbsp;&nbsp;<a class=\" special\" href=\"https:\/\/colegiomodestabor.com\/wp\/quienes-somos\/\">Read More<\/a><\/p>\n","protected":false},"author":1,"featured_media":0,"parent":0,"menu_order":0,"comment_status":"closed","ping_status":"closed","template":"","meta":[],"_links":{"self":[{"href":"https:\/\/colegiomodestabor.com\/wp\/wp-json\/wp\/v2\/pages\/11"}],"collection":[{"href":"https:\/\/colegiomodestabor.com\/wp\/wp-json\/wp\/v2\/pages"}],"about":[{"href":"https:\/\/colegiomodestabor.com\/wp\/wp-json\/wp\/v2\/types\/page"}],"author":[{"embeddable":true,"href":"https:\/\/colegiomodestabor.com\/wp\/wp-json\/wp\/v2\/users\/1"}],"replies":[{"embeddable":true,"href":"https:\/\/colegiomodestabor.com\/wp\/wp-json\/wp\/v2\/comments?post=11"}],"version-history":[{"count":8,"href":"https:\/\/colegiomodestabor.com\/wp\/wp-json\/wp\/v2\/pages\/11\/revisions"}],"predecessor-version":[{"id":470,"href":"https:\/\/colegiomodestabor.com\/wp\/wp-json\/wp\/v2\/pages\/11\/revisions\/470"}],"wp:attachment":[{"href":"https:\/\/colegiomodestabor.com\/wp\/wp-json\/wp\/v2\/media?parent=11"}],"curies":[{"name":"wp","href":"https:\/\/api.w.org\/{rel}","templated":true}]}}