{"id":375,"date":"2022-06-10T11:08:28","date_gmt":"2022-06-10T11:08:28","guid":{"rendered":"https:\/\/colegiomodestabor.com\/wp\/?page_id=375"},"modified":"2022-06-10T11:08:28","modified_gmt":"2022-06-10T11:08:28","slug":"museo-virtual-2022","status":"publish","type":"page","link":"https:\/\/colegiomodestabor.com\/wp\/museo-virtual-2022\/","title":{"rendered":"Museo Virtual 2022"},"content":{"rendered":"\n<p class=\"has-large-font-size\"><strong>Museo Virtual: 1\u00b0 A\u00f1o, Clase Arte y Patrimonio. <\/strong><\/p>\n\n\n\n<p style=\"font-size:22px\"><strong>Museo Virtual: <\/strong><a href=\"https:\/\/www.flipsnack.com\/EB7A6DAA9F7\/jenifer-matos-y-ver-nica-suarez.html\">Clara Guerrero, Agust\u00edn Donado, Jenifer Matos y Ver\u00f3nica Suarez, Agust\u00edn Palma, Gabriela Natera, Mar\u00eda Clara Guerrero, Gabriel Campos, Miguel LaCruz.<\/a><\/p>\n\n\n\n<iframe loading=\"lazy\" title=\"MUSEO VIRTUAL: Ysaac Casamayor, 1\u00b0 A\u00f1o\" width=\"1170\" height=\"658\" src=\"https:\/\/www.youtube.com\/embed\/Bt2WMz1IxUk?feature=oembed\" frameborder=\"0\" allow=\"accelerometer; autoplay; clipboard-write; encrypted-media; gyroscope; picture-in-picture\" allowfullscreen><\/iframe>\n\n\n\n<p style=\"font-size:40px\"><strong>M\u00e1s videos en nuestro canal Youtube: <a href=\"https:\/\/www.youtube.com\/channel\/UCr09pHXpagW1RiuA1T6U7hg\"><em>Colegio Modesta Bor<\/em><\/a><\/strong><\/p>\n\n\n\n<div class=\"wp-container-1 wp-block-group\"><div class=\"wp-block-group__inner-container\">\n<iframe loading=\"lazy\" title=\"Museo Virtual: Keymary Peroso, 1\u00b0 A\u00f1o\" width=\"1170\" height=\"878\" src=\"https:\/\/www.youtube.com\/embed\/sRsL2pct6M0?feature=oembed\" frameborder=\"0\" allow=\"accelerometer; autoplay; clipboard-write; encrypted-media; gyroscope; picture-in-picture\" allowfullscreen><\/iframe>\n<\/div><\/div>\n","protected":false},"excerpt":{"rendered":"<p>Museo Virtual: 1\u00b0 A\u00f1o, Clase Arte y Patrimonio. Museo Virtual: Clara Guerrero, Agust\u00edn Donado, Jenifer Matos y Ver\u00f3nica Suarez, Agust\u00edn Palma, Gabriela Natera, Mar\u00eda Clara Guerrero, Gabriel Campos, Miguel LaCruz. M\u00e1s videos en nuestro canal Youtube: Colegio Modesta Bor<\/p>\n","protected":false},"author":1,"featured_media":0,"parent":0,"menu_order":0,"comment_status":"closed","ping_status":"closed","template":"","meta":[],"_links":{"self":[{"href":"https:\/\/colegiomodestabor.com\/wp\/wp-json\/wp\/v2\/pages\/375"}],"collection":[{"href":"https:\/\/colegiomodestabor.com\/wp\/wp-json\/wp\/v2\/pages"}],"about":[{"href":"https:\/\/colegiomodestabor.com\/wp\/wp-json\/wp\/v2\/types\/page"}],"author":[{"embeddable":true,"href":"https:\/\/colegiomodestabor.com\/wp\/wp-json\/wp\/v2\/users\/1"}],"replies":[{"embeddable":true,"href":"https:\/\/colegiomodestabor.com\/wp\/wp-json\/wp\/v2\/comments?post=375"}],"version-history":[{"count":1,"href":"https:\/\/colegiomodestabor.com\/wp\/wp-json\/wp\/v2\/pages\/375\/revisions"}],"predecessor-version":[{"id":376,"href":"https:\/\/colegiomodestabor.com\/wp\/wp-json\/wp\/v2\/pages\/375\/revisions\/376"}],"wp:attachment":[{"href":"https:\/\/colegiomodestabor.com\/wp\/wp-json\/wp\/v2\/media?parent=375"}],"curies":[{"name":"wp","href":"https:\/\/api.w.org\/{rel}","templated":true}]}}