{"id":71,"date":"2020-07-23T16:26:12","date_gmt":"2020-07-23T16:26:12","guid":{"rendered":"https:\/\/colegiomodestabor.com\/wp\/?page_id=71"},"modified":"2022-06-10T11:36:52","modified_gmt":"2022-06-10T11:36:52","slug":"becas-de-rendimiento","status":"publish","type":"page","link":"https:\/\/colegiomodestabor.com\/wp\/becas-de-rendimiento\/","title":{"rendered":"Becas de Rendimiento"},"content":{"rendered":"\n<div class=\"wp-block-image\"><figure class=\"alignleft size-full is-resized\"><img loading=\"lazy\" src=\"https:\/\/colegiomodestabor.com\/wp\/wp-content\/uploads\/2020\/07\/becas-1.png\" alt=\"\" class=\"wp-image-154\" width=\"420\" height=\"341\"\/><\/figure><\/div>\n\n\n\n<p><\/p>\n\n\n\n<p><\/p>\n\n\n\n<p class=\"has-medium-font-size\">El Colegio Modesta Bor reconoce el esfuerzo acad\u00e9mico, deportivo y art\u00edstico de sus alumnos, es por ello que cada a\u00f1o escolar beneficia a  estudiantes de la comunidad, deportistas y con alto \u00edndice acad\u00e9mico. <\/p>\n","protected":false},"excerpt":{"rendered":"<p>El Colegio Modesta Bor reconoce el esfuerzo acad\u00e9mico, deportivo y art\u00edstico de sus alumnos, es por ello que cada a\u00f1o escolar beneficia a estudiantes de la comunidad, deportistas y con alto \u00edndice acad\u00e9mico.<\/p>\n","protected":false},"author":1,"featured_media":0,"parent":0,"menu_order":0,"comment_status":"closed","ping_status":"closed","template":"","meta":[],"_links":{"self":[{"href":"https:\/\/colegiomodestabor.com\/wp\/wp-json\/wp\/v2\/pages\/71"}],"collection":[{"href":"https:\/\/colegiomodestabor.com\/wp\/wp-json\/wp\/v2\/pages"}],"about":[{"href":"https:\/\/colegiomodestabor.com\/wp\/wp-json\/wp\/v2\/types\/page"}],"author":[{"embeddable":true,"href":"https:\/\/colegiomodestabor.com\/wp\/wp-json\/wp\/v2\/users\/1"}],"replies":[{"embeddable":true,"href":"https:\/\/colegiomodestabor.com\/wp\/wp-json\/wp\/v2\/comments?post=71"}],"version-history":[{"count":7,"href":"https:\/\/colegiomodestabor.com\/wp\/wp-json\/wp\/v2\/pages\/71\/revisions"}],"predecessor-version":[{"id":387,"href":"https:\/\/colegiomodestabor.com\/wp\/wp-json\/wp\/v2\/pages\/71\/revisions\/387"}],"wp:attachment":[{"href":"https:\/\/colegiomodestabor.com\/wp\/wp-json\/wp\/v2\/media?parent=71"}],"curies":[{"name":"wp","href":"https:\/\/api.w.org\/{rel}","templated":true}]}}